{"id":4192,"date":"2023-05-28T08:30:11","date_gmt":"2023-05-28T12:30:11","guid":{"rendered":"https:\/\/nykcc.org\/?page_id=4192"},"modified":"2024-11-09T16:48:26","modified_gmt":"2024-11-09T21:48:26","slug":"language","status":"publish","type":"page","link":"https:\/\/nykcc.org\/oldsite\/language\/","title":{"rendered":"Language"},"content":{"rendered":"\t\t<div data-elementor-type=\"wp-page\" data-elementor-id=\"4192\" class=\"elementor elementor-4192\" data-elementor-post-type=\"page\">\n\t\t\t\t<div class=\"elementor-element elementor-element-03f7627 e-flex e-con-boxed e-con e-parent\" data-id=\"03f7627\" data-element_type=\"container\" data-settings=\"{&quot;background_background&quot;:&quot;classic&quot;}\">\n\t\t\t\t\t<div class=\"e-con-inner\">\n\t\t<div class=\"elementor-element elementor-element-66cabd9 e-con-full e-flex e-con e-child\" data-id=\"66cabd9\" data-element_type=\"container\">\n\t\t\t\t<div class=\"elementor-element elementor-element-ac36dee elementor-widget elementor-widget-heading\" data-id=\"ac36dee\" data-element_type=\"widget\" data-widget_type=\"heading.default\">\n\t\t\t\t<div class=\"elementor-widget-container\">\n\t\t\t\t\t<h1 class=\"elementor-heading-title elementor-size-default\">Kurdish Languages<\/h1>\t\t\t\t<\/div>\n\t\t\t\t<\/div>\n\t\t\t\t<\/div>\n\t\t\t\t\t<\/div>\n\t\t\t\t<\/div>\n\t\t<div class=\"elementor-element elementor-element-34765c6 e-flex e-con-boxed e-con e-parent\" data-id=\"34765c6\" data-element_type=\"container\" data-settings=\"{&quot;background_background&quot;:&quot;classic&quot;}\">\n\t\t\t\t\t<div class=\"e-con-inner\">\n\t\t<div class=\"elementor-element elementor-element-9b6e5f1 e-con-full e-flex e-con e-child\" data-id=\"9b6e5f1\" data-element_type=\"container\">\n\t\t\t\t<div class=\"elementor-element elementor-element-af935e4 elementor-widget elementor-widget-text-editor\" data-id=\"af935e4\" data-element_type=\"widget\" data-widget_type=\"text-editor.default\">\n\t\t\t\t<div class=\"elementor-widget-container\">\n\t\t\t\t\t\t\t\t\t<p>For Kurds, language is an organic bridge to our identity and our heritage.\u00a0<\/p><p>&#8220;The&#8221; Kurdish language comprises several dialects. Especially in Turkey and Syria, Kurds speak Kurmanc\u00ee, while Kurds in northeastern Iraq and in Iran mostly speak Sorani. Several million more Kurds in Turkey speak Zazak\u00ee. Along with several others, they belong to the Indo-European family of languages.<\/p><p>For centuries, as Kurds lived alongside diverse other Middle Eastern peoples, all spoke their languages freely. But after World War I, \u00a0by the Treaty of Lausanne, Kurds were forced live as minorities in authoritarian states, and ruling powers restricted or banned their freedom to speak their mother tongue. The founders of the Republic of Turkey <a href=\"https:\/\/medyanews.net\/a-hundred-years-of-republic-and-mother-language\/\">sought<\/a> to create a purely Turkish nation\u2014a goal that required eliminating all other ethnic groups, whether by assimilation or by removal. Atat\u00fcrk (Kemal) immediately banned the teaching of Kurdish and its public use. While that policy has changed somewhat, the pressure to assimilate linguistically <a href=\"https:\/\/anfenglish.com\/culture\/dilan-guvenc-we-face-a-constant-anti-kurdish-assimilation-policy-70650\" target=\"_blank\" rel=\"noopener\">persists<\/a>. As for Iran, its Islamic rulers today strictly forbid Kurdish publications and the teaching of the language.\u00a0<\/p><p>Cultural freedom is inextricably linked to political and social freedom. So for Kurds, learning Kurmanc\u00ee, Sorani, and other tongues is part of our struggle for cultural survival.\u00a0<\/p>\t\t\t\t\t\t\t\t<\/div>\n\t\t\t\t<\/div>\n\t\t\t\t<\/div>\n\t\t\t\t\t<\/div>\n\t\t\t\t<\/div>\n\t\t<div class=\"elementor-element elementor-element-fadc044 e-flex e-con-boxed e-con e-parent\" data-id=\"fadc044\" data-element_type=\"container\" data-settings=\"{&quot;background_background&quot;:&quot;gradient&quot;}\">\n\t\t\t\t\t<div class=\"e-con-inner\">\n\t\t\t\t<div class=\"elementor-element elementor-element-473c776 elementor-grid-3 elementor-grid-tablet-2 elementor-grid-mobile-1 elementor-posts--thumbnail-top elementor-widget elementor-widget-posts\" data-id=\"473c776\" data-element_type=\"widget\" data-settings=\"{&quot;classic_columns&quot;:&quot;3&quot;,&quot;classic_columns_tablet&quot;:&quot;2&quot;,&quot;classic_columns_mobile&quot;:&quot;1&quot;,&quot;classic_row_gap&quot;:{&quot;unit&quot;:&quot;px&quot;,&quot;size&quot;:35,&quot;sizes&quot;:[]},&quot;classic_row_gap_tablet&quot;:{&quot;unit&quot;:&quot;px&quot;,&quot;size&quot;:&quot;&quot;,&quot;sizes&quot;:[]},&quot;classic_row_gap_mobile&quot;:{&quot;unit&quot;:&quot;px&quot;,&quot;size&quot;:&quot;&quot;,&quot;sizes&quot;:[]}}\" data-widget_type=\"posts.classic\">\n\t\t\t\t<div class=\"elementor-widget-container\">\n\t\t\t\t\t\t\t<div class=\"elementor-posts-container elementor-posts elementor-posts--skin-classic elementor-grid\" role=\"list\">\n\t\t\t\t<article class=\"elementor-post elementor-grid-item post-12908 post type-post status-publish format-standard has-post-thumbnail hentry category-language category-literature\" role=\"listitem\">\n\t\t\t\t<a class=\"elementor-post__thumbnail__link\" href=\"https:\/\/nykcc.org\/oldsite\/pirtukzade\/\" tabindex=\"-1\" target=&quot;_blank&quot;>\n\t\t\t<div class=\"elementor-post__thumbnail\"><img fetchpriority=\"high\" decoding=\"async\" width=\"800\" height=\"450\" src=\"https:\/\/nykcc.org\/oldsite\/wp-content\/uploads\/2024\/11\/Pirtukzade-header-1024x576.webp\" class=\"attachment-large size-large wp-image-12916\" alt=\"Pirtukzade\" srcset=\"https:\/\/nykcc.org\/oldsite\/wp-content\/uploads\/2024\/11\/Pirtukzade-header-1024x576.webp 1024w, https:\/\/nykcc.org\/oldsite\/wp-content\/uploads\/2024\/11\/Pirtukzade-header-300x169.webp 300w, https:\/\/nykcc.org\/oldsite\/wp-content\/uploads\/2024\/11\/Pirtukzade-header-768x432.webp 768w, https:\/\/nykcc.org\/oldsite\/wp-content\/uploads\/2024\/11\/Pirtukzade-header-1536x864.webp 1536w, https:\/\/nykcc.org\/oldsite\/wp-content\/uploads\/2024\/11\/Pirtukzade-header.webp 1920w\" sizes=\"(max-width: 800px) 100vw, 800px\" \/><\/div>\n\t\t<\/a>\n\t\t\t\t<div class=\"elementor-post__text\">\n\t\t\t\t<h2 class=\"elementor-post__title\">\n\t\t\t<a href=\"https:\/\/nykcc.org\/oldsite\/pirtukzade\/\" target=&quot;_blank&quot;>\n\t\t\t\tPirt\u00fbkzade\t\t\t<\/a>\n\t\t<\/h2>\n\t\t\t\t<\/div>\n\t\t\t\t<\/article>\n\t\t\t\t<article class=\"elementor-post elementor-grid-item post-12728 post type-post status-publish format-standard has-post-thumbnail hentry category-language\" role=\"listitem\">\n\t\t\t\t<a class=\"elementor-post__thumbnail__link\" href=\"https:\/\/nykcc.org\/oldsite\/kurdish-languages-historical-narrative-by-kamal-soleimani\/\" tabindex=\"-1\" target=&quot;_blank&quot;>\n\t\t\t<div class=\"elementor-post__thumbnail\"><img decoding=\"async\" width=\"800\" height=\"450\" src=\"https:\/\/nykcc.org\/oldsite\/wp-content\/uploads\/2024\/09\/Panel-header-1024x576.jpg\" class=\"attachment-large size-large wp-image-12156\" alt=\"Kurdish textile pattern\" srcset=\"https:\/\/nykcc.org\/oldsite\/wp-content\/uploads\/2024\/09\/Panel-header-1024x576.jpg 1024w, https:\/\/nykcc.org\/oldsite\/wp-content\/uploads\/2024\/09\/Panel-header-300x169.jpg 300w, https:\/\/nykcc.org\/oldsite\/wp-content\/uploads\/2024\/09\/Panel-header-768x432.jpg 768w, https:\/\/nykcc.org\/oldsite\/wp-content\/uploads\/2024\/09\/Panel-header-1536x864.jpg 1536w, https:\/\/nykcc.org\/oldsite\/wp-content\/uploads\/2024\/09\/Panel-header.jpg 1920w\" sizes=\"(max-width: 800px) 100vw, 800px\" \/><\/div>\n\t\t<\/a>\n\t\t\t\t<div class=\"elementor-post__text\">\n\t\t\t\t<h2 class=\"elementor-post__title\">\n\t\t\t<a href=\"https:\/\/nykcc.org\/oldsite\/kurdish-languages-historical-narrative-by-kamal-soleimani\/\" target=&quot;_blank&quot;>\n\t\t\t\tKurdish Language&#8217;s Historical Narrative by Kamal Soleimani\t\t\t<\/a>\n\t\t<\/h2>\n\t\t\t\t<\/div>\n\t\t\t\t<\/article>\n\t\t\t\t<article class=\"elementor-post elementor-grid-item post-11865 post type-post status-publish format-standard has-post-thumbnail hentry category-language category-nykff8-nonfilm-events tag-nykff8\" role=\"listitem\">\n\t\t\t\t<a class=\"elementor-post__thumbnail__link\" href=\"https:\/\/nykcc.org\/oldsite\/panel-resisting-erasure-with-kamal-soleimani\/\" tabindex=\"-1\" target=&quot;_blank&quot;>\n\t\t\t<div class=\"elementor-post__thumbnail\"><img decoding=\"async\" width=\"800\" height=\"450\" src=\"https:\/\/nykcc.org\/oldsite\/wp-content\/uploads\/2024\/09\/Soleimani-1024x576.jpg\" class=\"attachment-large size-large wp-image-11877\" alt=\"Old Kurdish magazine article.\" srcset=\"https:\/\/nykcc.org\/oldsite\/wp-content\/uploads\/2024\/09\/Soleimani-1024x576.jpg 1024w, https:\/\/nykcc.org\/oldsite\/wp-content\/uploads\/2024\/09\/Soleimani-300x169.jpg 300w, https:\/\/nykcc.org\/oldsite\/wp-content\/uploads\/2024\/09\/Soleimani-768x432.jpg 768w, https:\/\/nykcc.org\/oldsite\/wp-content\/uploads\/2024\/09\/Soleimani-1536x864.jpg 1536w, https:\/\/nykcc.org\/oldsite\/wp-content\/uploads\/2024\/09\/Soleimani.jpg 1920w\" sizes=\"(max-width: 800px) 100vw, 800px\" \/><\/div>\n\t\t<\/a>\n\t\t\t\t<div class=\"elementor-post__text\">\n\t\t\t\t<h2 class=\"elementor-post__title\">\n\t\t\t<a href=\"https:\/\/nykcc.org\/oldsite\/panel-resisting-erasure-with-kamal-soleimani\/\" target=&quot;_blank&quot;>\n\t\t\t\tPanel: Resisting Erasure with Kamal Soleimani\t\t\t<\/a>\n\t\t<\/h2>\n\t\t\t\t<\/div>\n\t\t\t\t<\/article>\n\t\t\t\t<article class=\"elementor-post elementor-grid-item post-9303 post type-post status-publish format-standard has-post-thumbnail hentry category-culture-centers category-language category-literature\" role=\"listitem\">\n\t\t\t\t<a class=\"elementor-post__thumbnail__link\" href=\"https:\/\/nykcc.org\/oldsite\/kurdistan-center-for-arts-and-culture-kcac\/\" tabindex=\"-1\" target=&quot;_blank&quot;>\n\t\t\t<div class=\"elementor-post__thumbnail\"><img loading=\"lazy\" decoding=\"async\" width=\"800\" height=\"450\" src=\"https:\/\/nykcc.org\/oldsite\/wp-content\/uploads\/2024\/05\/KCAC-header-1024x576.jpg\" class=\"attachment-large size-large wp-image-9304\" alt=\"KCAC logo\" srcset=\"https:\/\/nykcc.org\/oldsite\/wp-content\/uploads\/2024\/05\/KCAC-header-1024x576.jpg 1024w, https:\/\/nykcc.org\/oldsite\/wp-content\/uploads\/2024\/05\/KCAC-header-300x169.webp 300w, https:\/\/nykcc.org\/oldsite\/wp-content\/uploads\/2024\/05\/KCAC-header-768x432.jpg 768w, https:\/\/nykcc.org\/oldsite\/wp-content\/uploads\/2024\/05\/KCAC-header-1536x864.jpg 1536w, https:\/\/nykcc.org\/oldsite\/wp-content\/uploads\/2024\/05\/KCAC-header.webp 1920w\" sizes=\"(max-width: 800px) 100vw, 800px\" \/><\/div>\n\t\t<\/a>\n\t\t\t\t<div class=\"elementor-post__text\">\n\t\t\t\t<h2 class=\"elementor-post__title\">\n\t\t\t<a href=\"https:\/\/nykcc.org\/oldsite\/kurdistan-center-for-arts-and-culture-kcac\/\" target=&quot;_blank&quot;>\n\t\t\t\tKurdistan Center for Arts and Culture (KCAC)\t\t\t<\/a>\n\t\t<\/h2>\n\t\t\t\t<\/div>\n\t\t\t\t<\/article>\n\t\t\t\t<article class=\"elementor-post elementor-grid-item post-8527 post type-post status-publish format-standard has-post-thumbnail hentry category-language\" role=\"listitem\">\n\t\t\t\t<a class=\"elementor-post__thumbnail__link\" href=\"https:\/\/nykcc.org\/oldsite\/fexri-seker-language-teacher\/\" tabindex=\"-1\" target=&quot;_blank&quot;>\n\t\t\t<div class=\"elementor-post__thumbnail\"><img loading=\"lazy\" decoding=\"async\" width=\"800\" height=\"450\" src=\"https:\/\/nykcc.org\/oldsite\/wp-content\/uploads\/2024\/02\/Fexri-header-1024x576.jpg\" class=\"attachment-large size-large wp-image-8596\" alt=\"Fexri Seker\" srcset=\"https:\/\/nykcc.org\/oldsite\/wp-content\/uploads\/2024\/02\/Fexri-header-1024x576.jpg 1024w, https:\/\/nykcc.org\/oldsite\/wp-content\/uploads\/2024\/02\/Fexri-header-300x169.jpg 300w, https:\/\/nykcc.org\/oldsite\/wp-content\/uploads\/2024\/02\/Fexri-header-768x432.jpg 768w, https:\/\/nykcc.org\/oldsite\/wp-content\/uploads\/2024\/02\/Fexri-header-1536x864.jpg 1536w, https:\/\/nykcc.org\/oldsite\/wp-content\/uploads\/2024\/02\/Fexri-header.jpg 1920w\" sizes=\"(max-width: 800px) 100vw, 800px\" \/><\/div>\n\t\t<\/a>\n\t\t\t\t<div class=\"elementor-post__text\">\n\t\t\t\t<h2 class=\"elementor-post__title\">\n\t\t\t<a href=\"https:\/\/nykcc.org\/oldsite\/fexri-seker-language-teacher\/\" target=&quot;_blank&quot;>\n\t\t\t\tFexr\u00ee Seker, language teacher\t\t\t<\/a>\n\t\t<\/h2>\n\t\t\t\t<\/div>\n\t\t\t\t<\/article>\n\t\t\t\t<article class=\"elementor-post elementor-grid-item post-8511 post type-post status-publish format-standard has-post-thumbnail hentry category-language tag-artificial-intelligence\" role=\"listitem\">\n\t\t\t\t<a class=\"elementor-post__thumbnail__link\" href=\"https:\/\/nykcc.org\/oldsite\/erdal-kose-computer-scientist\/\" tabindex=\"-1\" target=&quot;_blank&quot;>\n\t\t\t<div class=\"elementor-post__thumbnail\"><img loading=\"lazy\" decoding=\"async\" width=\"800\" height=\"450\" src=\"https:\/\/nykcc.org\/oldsite\/wp-content\/uploads\/2024\/02\/Erdal-header-1024x576.jpg\" class=\"attachment-large size-large wp-image-8598\" alt=\"Erdal Kose\" srcset=\"https:\/\/nykcc.org\/oldsite\/wp-content\/uploads\/2024\/02\/Erdal-header-1024x576.jpg 1024w, https:\/\/nykcc.org\/oldsite\/wp-content\/uploads\/2024\/02\/Erdal-header-300x169.jpg 300w, https:\/\/nykcc.org\/oldsite\/wp-content\/uploads\/2024\/02\/Erdal-header-768x432.jpg 768w, https:\/\/nykcc.org\/oldsite\/wp-content\/uploads\/2024\/02\/Erdal-header-1536x864.jpg 1536w, https:\/\/nykcc.org\/oldsite\/wp-content\/uploads\/2024\/02\/Erdal-header.jpg 1920w\" sizes=\"(max-width: 800px) 100vw, 800px\" \/><\/div>\n\t\t<\/a>\n\t\t\t\t<div class=\"elementor-post__text\">\n\t\t\t\t<h2 class=\"elementor-post__title\">\n\t\t\t<a href=\"https:\/\/nykcc.org\/oldsite\/erdal-kose-computer-scientist\/\" target=&quot;_blank&quot;>\n\t\t\t\tErdal Kose, computer scientist\t\t\t<\/a>\n\t\t<\/h2>\n\t\t\t\t<\/div>\n\t\t\t\t<\/article>\n\t\t\t\t<article class=\"elementor-post elementor-grid-item post-8420 post type-post status-publish format-standard has-post-thumbnail hentry category-language category-literature tag-audiobooks tag-ebooks tag-translation\" role=\"listitem\">\n\t\t\t\t<a class=\"elementor-post__thumbnail__link\" href=\"https:\/\/nykcc.org\/oldsite\/agora-vision-in-sorani-english-kurmanci\/\" tabindex=\"-1\" target=&quot;_blank&quot;>\n\t\t\t<div class=\"elementor-post__thumbnail\"><img loading=\"lazy\" decoding=\"async\" width=\"800\" height=\"450\" src=\"https:\/\/nykcc.org\/oldsite\/wp-content\/uploads\/2024\/01\/Agora-Vision-header-1024x576.jpg\" class=\"attachment-large size-large wp-image-8363\" alt=\"Agora Vision\" srcset=\"https:\/\/nykcc.org\/oldsite\/wp-content\/uploads\/2024\/01\/Agora-Vision-header-1024x576.jpg 1024w, https:\/\/nykcc.org\/oldsite\/wp-content\/uploads\/2024\/01\/Agora-Vision-header-300x169.jpg 300w, https:\/\/nykcc.org\/oldsite\/wp-content\/uploads\/2024\/01\/Agora-Vision-header-768x432.jpg 768w, https:\/\/nykcc.org\/oldsite\/wp-content\/uploads\/2024\/01\/Agora-Vision-header-1536x864.jpg 1536w, https:\/\/nykcc.org\/oldsite\/wp-content\/uploads\/2024\/01\/Agora-Vision-header.jpg 1920w\" sizes=\"(max-width: 800px) 100vw, 800px\" \/><\/div>\n\t\t<\/a>\n\t\t\t\t<div class=\"elementor-post__text\">\n\t\t\t\t<h2 class=\"elementor-post__title\">\n\t\t\t<a href=\"https:\/\/nykcc.org\/oldsite\/agora-vision-in-sorani-english-kurmanci\/\" target=&quot;_blank&quot;>\n\t\t\t\tAgora Vision (in Sorani, English, Kurmanc\u00ee)\t\t\t<\/a>\n\t\t<\/h2>\n\t\t\t\t<\/div>\n\t\t\t\t<\/article>\n\t\t\t\t<article class=\"elementor-post elementor-grid-item post-8067 post type-post status-publish format-standard has-post-thumbnail hentry category-language category-literature tag-kawa-nemir\" role=\"listitem\">\n\t\t\t\t<a class=\"elementor-post__thumbnail__link\" href=\"https:\/\/nykcc.org\/oldsite\/kawa-nemir-translator\/\" tabindex=\"-1\" target=&quot;_blank&quot;>\n\t\t\t<div class=\"elementor-post__thumbnail\"><img loading=\"lazy\" decoding=\"async\" width=\"800\" height=\"450\" src=\"https:\/\/nykcc.org\/oldsite\/wp-content\/uploads\/2023\/11\/Nemir-header-1024x576.jpg\" class=\"attachment-large size-large wp-image-8093\" alt=\"Kawa Nemir\" srcset=\"https:\/\/nykcc.org\/oldsite\/wp-content\/uploads\/2023\/11\/Nemir-header-1024x576.jpg 1024w, https:\/\/nykcc.org\/oldsite\/wp-content\/uploads\/2023\/11\/Nemir-header-300x169.jpg 300w, https:\/\/nykcc.org\/oldsite\/wp-content\/uploads\/2023\/11\/Nemir-header-768x432.jpg 768w, https:\/\/nykcc.org\/oldsite\/wp-content\/uploads\/2023\/11\/Nemir-header-1536x864.jpg 1536w, https:\/\/nykcc.org\/oldsite\/wp-content\/uploads\/2023\/11\/Nemir-header.jpg 1920w\" sizes=\"(max-width: 800px) 100vw, 800px\" \/><\/div>\n\t\t<\/a>\n\t\t\t\t<div class=\"elementor-post__text\">\n\t\t\t\t<h2 class=\"elementor-post__title\">\n\t\t\t<a href=\"https:\/\/nykcc.org\/oldsite\/kawa-nemir-translator\/\" target=&quot;_blank&quot;>\n\t\t\t\tKawa Nemir, translator\t\t\t<\/a>\n\t\t<\/h2>\n\t\t\t\t<\/div>\n\t\t\t\t<\/article>\n\t\t\t\t<article class=\"elementor-post elementor-grid-item post-4064 post type-post status-publish format-standard has-post-thumbnail hentry category-language tag-history tag-kurmanci\" role=\"listitem\">\n\t\t\t\t<a class=\"elementor-post__thumbnail__link\" href=\"https:\/\/nykcc.org\/oldsite\/celadet-ali-bedirxan-1893-1951\/\" tabindex=\"-1\" target=&quot;_blank&quot;>\n\t\t\t<div class=\"elementor-post__thumbnail\"><img loading=\"lazy\" decoding=\"async\" width=\"800\" height=\"450\" src=\"https:\/\/nykcc.org\/oldsite\/wp-content\/uploads\/2023\/05\/Celadat-header-1024x576.jpg\" class=\"attachment-large size-large wp-image-4063\" alt=\"Celadet Al\u00ee Bedirxan\u00a0\u00a0(1893-1951)\" srcset=\"https:\/\/nykcc.org\/oldsite\/wp-content\/uploads\/2023\/05\/Celadat-header-1024x576.jpg 1024w, https:\/\/nykcc.org\/oldsite\/wp-content\/uploads\/2023\/05\/Celadat-header-300x169.jpg 300w, https:\/\/nykcc.org\/oldsite\/wp-content\/uploads\/2023\/05\/Celadat-header-768x432.jpg 768w, https:\/\/nykcc.org\/oldsite\/wp-content\/uploads\/2023\/05\/Celadat-header-1536x864.jpg 1536w, https:\/\/nykcc.org\/oldsite\/wp-content\/uploads\/2023\/05\/Celadat-header.jpg 1920w\" sizes=\"(max-width: 800px) 100vw, 800px\" \/><\/div>\n\t\t<\/a>\n\t\t\t\t<div class=\"elementor-post__text\">\n\t\t\t\t<h2 class=\"elementor-post__title\">\n\t\t\t<a href=\"https:\/\/nykcc.org\/oldsite\/celadet-ali-bedirxan-1893-1951\/\" target=&quot;_blank&quot;>\n\t\t\t\tCeladet Al\u00ee Bedirxan\u00a0\u00a0(1893-1951)\t\t\t<\/a>\n\t\t<\/h2>\n\t\t\t\t<\/div>\n\t\t\t\t<\/article>\n\t\t\t\t<article class=\"elementor-post elementor-grid-item post-2595 post type-post status-publish format-standard has-post-thumbnail hentry category-language category-music\" role=\"listitem\">\n\t\t\t\t<a class=\"elementor-post__thumbnail__link\" href=\"https:\/\/nykcc.org\/oldsite\/international-mother-language-day-february-21\/\" tabindex=\"-1\" target=&quot;_blank&quot;>\n\t\t\t<div class=\"elementor-post__thumbnail\"><img loading=\"lazy\" decoding=\"async\" width=\"800\" height=\"440\" src=\"https:\/\/nykcc.org\/oldsite\/wp-content\/uploads\/2023\/02\/Aram-Tigran-1024x563.jpg\" class=\"attachment-large size-large wp-image-2596\" alt=\"Aram\u00ea T\u00eegran, &quot;Ziman\u00ea Kurd\u00ee&quot;\" srcset=\"https:\/\/nykcc.org\/oldsite\/wp-content\/uploads\/2023\/02\/Aram-Tigran-1024x563.jpg 1024w, https:\/\/nykcc.org\/oldsite\/wp-content\/uploads\/2023\/02\/Aram-Tigran-300x165.jpg 300w, https:\/\/nykcc.org\/oldsite\/wp-content\/uploads\/2023\/02\/Aram-Tigran-768x422.jpg 768w, https:\/\/nykcc.org\/oldsite\/wp-content\/uploads\/2023\/02\/Aram-Tigran-1536x844.jpg 1536w, https:\/\/nykcc.org\/oldsite\/wp-content\/uploads\/2023\/02\/Aram-Tigran-2048x1125.jpg 2048w\" sizes=\"(max-width: 800px) 100vw, 800px\" \/><\/div>\n\t\t<\/a>\n\t\t\t\t<div class=\"elementor-post__text\">\n\t\t\t\t<h2 class=\"elementor-post__title\">\n\t\t\t<a href=\"https:\/\/nykcc.org\/oldsite\/international-mother-language-day-february-21\/\" target=&quot;_blank&quot;>\n\t\t\t\tInternational Mother Language Day, February 21\t\t\t<\/a>\n\t\t<\/h2>\n\t\t\t\t<\/div>\n\t\t\t\t<\/article>\n\t\t\t\t<article class=\"elementor-post elementor-grid-item post-4070 post type-post status-publish format-standard has-post-thumbnail hentry category-language tag-zarok-tv\" role=\"listitem\">\n\t\t\t\t<a class=\"elementor-post__thumbnail__link\" href=\"https:\/\/nykcc.org\/oldsite\/zarok-tv\/\" tabindex=\"-1\" target=&quot;_blank&quot;>\n\t\t\t<div class=\"elementor-post__thumbnail\"><img loading=\"lazy\" decoding=\"async\" width=\"800\" height=\"423\" src=\"https:\/\/nykcc.org\/oldsite\/wp-content\/uploads\/2022\/12\/Zarok-TV-1024x542.jpg\" class=\"attachment-large size-large wp-image-259\" alt=\"Mazlum Kardas\" srcset=\"https:\/\/nykcc.org\/oldsite\/wp-content\/uploads\/2022\/12\/Zarok-TV-1024x542.jpg 1024w, https:\/\/nykcc.org\/oldsite\/wp-content\/uploads\/2022\/12\/Zarok-TV-300x159.jpg 300w, https:\/\/nykcc.org\/oldsite\/wp-content\/uploads\/2022\/12\/Zarok-TV-768x406.jpg 768w, https:\/\/nykcc.org\/oldsite\/wp-content\/uploads\/2022\/12\/Zarok-TV-1536x813.jpg 1536w, https:\/\/nykcc.org\/oldsite\/wp-content\/uploads\/2022\/12\/Zarok-TV-2048x1084.jpg 2048w\" sizes=\"(max-width: 800px) 100vw, 800px\" \/><\/div>\n\t\t<\/a>\n\t\t\t\t<div class=\"elementor-post__text\">\n\t\t\t\t<h2 class=\"elementor-post__title\">\n\t\t\t<a href=\"https:\/\/nykcc.org\/oldsite\/zarok-tv\/\" target=&quot;_blank&quot;>\n\t\t\t\tZarok TV\t\t\t<\/a>\n\t\t<\/h2>\n\t\t\t\t<\/div>\n\t\t\t\t<\/article>\n\t\t\t\t<article class=\"elementor-post elementor-grid-item post-4094 post type-post status-publish format-standard has-post-thumbnail hentry category-language\" role=\"listitem\">\n\t\t\t\t<a class=\"elementor-post__thumbnail__link\" href=\"https:\/\/nykcc.org\/oldsite\/michael-l-chyet-interview\/\" tabindex=\"-1\" target=&quot;_blank&quot;>\n\t\t\t<div class=\"elementor-post__thumbnail\"><img loading=\"lazy\" decoding=\"async\" width=\"800\" height=\"450\" src=\"https:\/\/nykcc.org\/oldsite\/wp-content\/uploads\/2022\/03\/chyet-header-1024x576.jpg\" class=\"attachment-large size-large wp-image-4105\" alt=\"Michael Chyet\" srcset=\"https:\/\/nykcc.org\/oldsite\/wp-content\/uploads\/2022\/03\/chyet-header-1024x576.jpg 1024w, https:\/\/nykcc.org\/oldsite\/wp-content\/uploads\/2022\/03\/chyet-header-300x169.jpg 300w, https:\/\/nykcc.org\/oldsite\/wp-content\/uploads\/2022\/03\/chyet-header-768x432.jpg 768w, https:\/\/nykcc.org\/oldsite\/wp-content\/uploads\/2022\/03\/chyet-header-1536x864.jpg 1536w, https:\/\/nykcc.org\/oldsite\/wp-content\/uploads\/2022\/03\/chyet-header.jpg 1920w\" sizes=\"(max-width: 800px) 100vw, 800px\" \/><\/div>\n\t\t<\/a>\n\t\t\t\t<div class=\"elementor-post__text\">\n\t\t\t\t<h2 class=\"elementor-post__title\">\n\t\t\t<a href=\"https:\/\/nykcc.org\/oldsite\/michael-l-chyet-interview\/\" target=&quot;_blank&quot;>\n\t\t\t\tMichael L. Chyet, Kurdish lexicographer\t\t\t<\/a>\n\t\t<\/h2>\n\t\t\t\t<\/div>\n\t\t\t\t<\/article>\n\t\t\t\t<\/div>\n\t\t\n\t\t\t\t\t\t<\/div>\n\t\t\t\t<\/div>\n\t\t\t\t\t<\/div>\n\t\t\t\t<\/div>\n\t\t<div class=\"elementor-element elementor-element-c80b3e4 e-flex e-con-boxed e-con e-parent\" data-id=\"c80b3e4\" data-element_type=\"container\" data-settings=\"{&quot;background_background&quot;:&quot;classic&quot;}\">\n\t\t\t\t\t<div class=\"e-con-inner\">\n\t\t<div class=\"elementor-element elementor-element-771dbf4 e-con-full e-flex e-con e-child\" data-id=\"771dbf4\" data-element_type=\"container\">\n\t\t\t\t<\/div>\n\t\t\t\t\t<\/div>\n\t\t\t\t<\/div>\n\t\t\t\t<\/div>\n\t\t","protected":false},"excerpt":{"rendered":"<p>Kurdish Languages For Kurds, language is an organic bridge to our identity and our heritage.\u00a0 &#8220;The&#8221; Kurdish language comprises several dialects. Especially in Turkey and<\/p>\n","protected":false},"author":1,"featured_media":0,"parent":0,"menu_order":0,"comment_status":"closed","ping_status":"closed","template":"","meta":{"give_campaign_id":0,"_monsterinsights_skip_tracking":false,"_monsterinsights_sitenote_active":false,"_monsterinsights_sitenote_note":"","_monsterinsights_sitenote_category":0,"footnotes":""},"class_list":["post-4192","page","type-page","status-publish","hentry"],"aioseo_notices":[],"campaignId":"","_links":{"self":[{"href":"https:\/\/nykcc.org\/oldsite\/wp-json\/wp\/v2\/pages\/4192","targetHints":{"allow":["GET"]}}],"collection":[{"href":"https:\/\/nykcc.org\/oldsite\/wp-json\/wp\/v2\/pages"}],"about":[{"href":"https:\/\/nykcc.org\/oldsite\/wp-json\/wp\/v2\/types\/page"}],"author":[{"embeddable":true,"href":"https:\/\/nykcc.org\/oldsite\/wp-json\/wp\/v2\/users\/1"}],"replies":[{"embeddable":true,"href":"https:\/\/nykcc.org\/oldsite\/wp-json\/wp\/v2\/comments?post=4192"}],"version-history":[{"count":17,"href":"https:\/\/nykcc.org\/oldsite\/wp-json\/wp\/v2\/pages\/4192\/revisions"}],"predecessor-version":[{"id":12775,"href":"https:\/\/nykcc.org\/oldsite\/wp-json\/wp\/v2\/pages\/4192\/revisions\/12775"}],"wp:attachment":[{"href":"https:\/\/nykcc.org\/oldsite\/wp-json\/wp\/v2\/media?parent=4192"}],"curies":[{"name":"wp","href":"https:\/\/api.w.org\/{rel}","templated":true}]}}